{"id":1339,"date":"2018-12-12T10:36:13","date_gmt":"2018-12-12T10:36:13","guid":{"rendered":"http:\/\/floridawordpressdevelopers.com\/sartakamp\/?page_id=1339"},"modified":"2018-12-12T10:36:13","modified_gmt":"2018-12-12T10:36:13","slug":"%d0%bf%d0%be%d0%bb%d0%b8%d1%82%d0%b8%d0%ba%d0%b0-%d0%ba%d0%be%d0%bd%d1%84%d0%b8%d0%b4%d0%b5%d0%bd%d1%86%d0%b8%d0%b0%d0%bb%d1%8c%d0%bd%d0%be%d1%81%d1%82%d0%b8","status":"publish","type":"page","link":"https:\/\/sartakampis.lt\/ru\/%d0%bf%d0%be%d0%bb%d0%b8%d1%82%d0%b8%d0%ba%d0%b0-%d0%ba%d0%be%d0%bd%d1%84%d0%b8%d0%b4%d0%b5%d0%bd%d1%86%d0%b8%d0%b0%d0%bb%d1%8c%d0%bd%d0%be%d1%81%d1%82%d0%b8\/","title":{"rendered":"\u041f\u043e\u043b\u0438\u0442\u0438\u043a\u0430 \u043a\u043e\u043d\u0444\u0438\u0434\u0435\u043d\u0446\u0438\u0430\u043b\u044c\u043d\u043e\u0441\u0442\u0438"},"content":{"rendered":"<div class=\"fusion-fullwidth fullwidth-box fusion-builder-row-1 nonhundred-percent-fullwidth non-hundred-percent-height-scrolling privacy\" style=\"--awb-border-radius-top-left:0px;--awb-border-radius-top-right:0px;--awb-border-radius-bottom-right:0px;--awb-border-radius-bottom-left:0px;--awb-padding-top:50px;--awb-flex-wrap:wrap;\" ><div class=\"fusion-builder-row fusion-row\"><div class=\"fusion-layout-column fusion_builder_column fusion-builder-column-0 fusion_builder_column_1_1 1_1 fusion-one-full fusion-column-first fusion-column-last\" style=\"--awb-bg-size:cover;\"><div class=\"fusion-column-wrapper fusion-flex-column-wrapper-legacy\"><div class=\"fusion-title title fusion-title-1 fusion-sep-none fusion-title-text fusion-title-size-one\" style=\"--awb-margin-top-small:10px;--awb-margin-right-small:0px;--awb-margin-bottom-small:10px;--awb-margin-left-small:0px;\"><h1 class=\"fusion-title-heading title-heading-left fusion-responsive-typography-calculated\" style=\"margin:0;--fontSize:38;--minFontSize:38;line-height:1.3;\"><h2>Svetain\u0117s privatumo politika<\/h2><\/h1><\/div><div class=\"fusion-title title fusion-title-2 fusion-sep-none fusion-title-text fusion-title-size-one\" style=\"--awb-margin-top-small:10px;--awb-margin-right-small:0px;--awb-margin-bottom-small:10px;--awb-margin-left-small:0px;\"><h1 class=\"fusion-title-heading title-heading-left fusion-responsive-typography-calculated\" style=\"margin:0;--fontSize:38;--minFontSize:38;line-height:1.3;\"><h3>1. Bendrosios nuostatos<\/h3><\/h1><\/div><div class=\"fusion-text fusion-text-1\"><p>\u0160i privatumo politika (toliau Politika) apibr\u0117\u017eia kaimo turizmo sodybos \u201eSartakampis\u201c (toliau Sartakamis) valdomos svetain\u0117s <a href=\"https:\/\/sartakampis.lt\">www.sartakampis.lt<\/a> naudotoj\u0173 asmens duomen\u0173 rinkimo, saugojimo bei tvarkymo principus.<\/p>\n<p>Patvirtiname, kad m\u016bs\u0173 svetain\u0117s lankytoj\u0173 duomenys renkami laikantis galiojan\u010di\u0173 Europos S\u0105jungos bei Lietuvos Respublikos teis\u0117s akt\u0173 reikalavim\u0173 bei kontroliuojan\u010di\u0173 institucij\u0173 nurodym\u0173. Taikomos visos protingos technin\u0117s ir administracin\u0117s priemon\u0117s tam, kad m\u016bs\u0173 surinkti duomenys apie svetain\u0117s lankytojus b\u016bt\u0173 apsaugomi nuo praradimo, neleistino naudojimo ir pakeitim\u0173.<\/p>\n<\/div><div class=\"fusion-title title fusion-title-3 fusion-sep-none fusion-title-text fusion-title-size-one\" style=\"--awb-margin-top-small:10px;--awb-margin-right-small:0px;--awb-margin-bottom-small:10px;--awb-margin-left-small:0px;\"><h1 class=\"fusion-title-heading title-heading-left fusion-responsive-typography-calculated\" style=\"margin:0;--fontSize:38;--minFontSize:38;line-height:1.3;\"><h3>2. Asmens duomen\u0173 rinkimas ir saugojimas<\/h3><\/h1><\/div><div class=\"fusion-text fusion-text-2\"><p><strong>Vartotojo suvedami duomenys<\/strong><\/p>\n<p>Nor\u0117damas rezervuoti sodyb\u0105 arba susisiekti su Sartakampiu, Svetain\u0117s naudotojas turi pateikti asmens duomenis tiek, kiek reikia\u00a0paslaugai u\u017esakyti \u2013 vardas, telefono numeris, elektroninio pa\u0161to adresas, papildoma informacija paslaugai suteikti.<br \/>\n\u0160ie duomenys yra saugomi 2 metus, o po to i\u0161trinami.<\/p>\n<p><strong>Slapukai<\/strong><\/p>\n<p>Svetain\u0117je yra naudojami slapukai (angli\u0161kai \u201ecookies\u201c) \u2013 ma\u017ei tekstiniai dokumentai, kuriuos J\u016bs\u0173 interneto nar\u0161ykl\u0117 patalpina J\u016bs\u0173 kompiuteryje, plan\u0161et\u0117je arba i\u0161maniajame \u012frenginyje.<\/p>\n<p>\u0160i svetain\u0117 naudoja \u201eGoogle Analytics\u201c\u00a0 \u2013 Google teikiam\u0105 svetaini\u0173 analiz\u0117s paslaug\u0105. \u0160ie slapukai svetainei suteikia \u201eatmint\u012f\u201c \u2013 kiekvieno apsilankymo metu J\u016bs esate atpa\u017e\u012fstamas kaip nuolatinis svetain\u0117s lankytojas. Surinkta informacija yra naudojama tam, kad Sartakampis gal\u0117t\u0173 vykdyti statistin\u0119 svetain\u0117s analiz\u0119 ir nuolat tobulinti svetain\u0117s turin\u012f.<\/p>\n<p>\u201eGoogle Analytics\u201c slapuk\u0173 pagalba gali b\u016bti renkama anonimin\u0117, statistin\u0117 informacija apie J\u016bs\u0173 apsilankym\u0105 puslapyje: slapuko ID, data, atidaryti puslapiai, nar\u0161ymo trukm\u0117, naudojama nar\u0161ykl\u0117, \u012frenginio tipas, miestas, \u0161alis, kalba ir visa kita informacija, kuri\u0105 J\u016bs pateik\u0117te savo naudojamoje nar\u0161ykl\u0117je.<\/p>\n<p>Pla\u010diau apie \u201eGoogle Analytics\u201c ir informacij\u0105, kuri\u0105 \u0161ie \u012frankiai leid\u017eia rinkti, galite su\u017einoti \u010dia:\u00a0<a href=\"https:\/\/support.google.com\/analytics\/answer\/6004245?hl=lt\">https:\/\/support.google.com\/analytics\/answer\/6004245?hl=lt<\/a><\/p>\n<p>Jei pageidaujate, galite kontroliuoti ir (arba) i\u0161trinti visus j\u016bs\u0173 kompiuteryje jau esan\u010dius slapukus, o daugum\u0105 nar\u0161ykli\u0173 nustatyti taip, kad slapukai neb\u016bt\u0173 \u012fra\u0161omi j\u016bs\u0173 \u012frenginyje.<\/p>\n<\/div><div class=\"fusion-title title fusion-title-4 fusion-sep-none fusion-title-text fusion-title-size-one\" style=\"--awb-margin-top-small:10px;--awb-margin-right-small:0px;--awb-margin-bottom-small:10px;--awb-margin-left-small:0px;\"><h1 class=\"fusion-title-heading title-heading-left fusion-responsive-typography-calculated\" style=\"margin:0;--fontSize:38;--minFontSize:38;line-height:1.3;\"><h3>3. Asmens duomen\u0173 naudojimo tikslai<\/h3><\/h1><\/div><div class=\"fusion-text fusion-text-3\"><p>Svetain\u0117s vartotoj\u0173 asmens duomenys yra naudojami tam, kad:<\/p>\n<ul>\n<li>suteikti tiesiogines paslaugas \u2013 tokias kaip sodybos rezervacija ir u\u017esakymas, informacijos u\u017eklausos;<\/li>\n<li>u\u017etikrinti efektyv\u0173 ir saug\u0173 Svetain\u0117s veikim\u0105;<\/li>\n<li>atpa\u017einti sugr\u012f\u017etan\u010dius Svetain\u0117s lankytojus;<\/li>\n<li>analizuoti Svetain\u0117s lankytoj\u0173 \u012fpro\u010dius, kad Svetain\u0117s veikimas b\u016bt\u0173 patogus, efektyvus ir atitikt\u0173 J\u016bs\u0173 poreikius;<\/li>\n<li>gauti statistini\u0173 duomen\u0173 apie Svetain\u0117je apsilankiusius vartotojus;<\/li>\n<li>efektyvinti reklam\u0105 ir rinkodar\u0105.<\/li>\n<\/ul>\n<\/div><div class=\"fusion-title title fusion-title-5 fusion-sep-none fusion-title-text fusion-title-size-one\" style=\"--awb-margin-top-small:10px;--awb-margin-right-small:0px;--awb-margin-bottom-small:10px;--awb-margin-left-small:0px;\"><h1 class=\"fusion-title-heading title-heading-left fusion-responsive-typography-calculated\" style=\"margin:0;--fontSize:38;--minFontSize:38;line-height:1.3;\"><h3>4. Duomen\u0173 perdavimas tretiesiems asmenims<\/h3><\/h1><\/div><div class=\"fusion-text fusion-text-4\"><p>Neparduodame, nekei\u010diame ir jokiu kitu b\u016bdu neteikiame j\u016bs\u0173 Asmenin\u0117s informacijos tre\u010diosioms \u0161alims i\u0161 anksto neprane\u0161\u0119 apie tai vartotojams. Tai neapima Svetain\u0117s prieglobos (angl.\u00a0<em>hosting<\/em>) partneri\u0173 ir kit\u0173 \u0161ali\u0173, kurios padeda mums administruoti Svetain\u0119, atlikti m\u016bs\u0173 veikl\u0105 ar aptarnauti m\u016bs\u0173 vartotojus \u0161ioms \u0161alims sutikus laikyti \u0161i\u0105 informacij\u0105 konfidencialia.<\/p>\n<\/div><div class=\"fusion-title title fusion-title-6 fusion-sep-none fusion-title-text fusion-title-size-one\" style=\"--awb-margin-top-small:10px;--awb-margin-right-small:0px;--awb-margin-bottom-small:10px;--awb-margin-left-small:0px;\"><h1 class=\"fusion-title-heading title-heading-left fusion-responsive-typography-calculated\" style=\"margin:0;--fontSize:38;--minFontSize:38;line-height:1.3;\"><h3>5. Nuorodos \u012f kitas svetaines<\/h3><\/h1><\/div><div class=\"fusion-text fusion-text-5\"><p>Svetain\u0117je gali b\u016bti pateikiamos nuorodos \u012f kitas svetaines, kurios mums nepriklauso ar kuri\u0173 neadministruojame. Atkreipkite d\u0117mes\u012f, kad mes neprisiimame atsakomyb\u0117s u\u017e toki\u0173 svetaini\u0173 ar tre\u010di\u0173j\u0173 \u0161ali\u0173 privatumo politik\u0105. Jei esate nukreipiami i\u0161 m\u016bs\u0173 Svetain\u0117s \u012f kitas svetaines, perskaitykite kiekvienos svetain\u0117s, kurioje gali b\u016bti renkama asmenin\u0117 informacija, privatumo politik\u0105.<\/p>\n<\/div><div class=\"fusion-title title fusion-title-7 fusion-sep-none fusion-title-text fusion-title-size-one\" style=\"--awb-margin-top-small:10px;--awb-margin-right-small:0px;--awb-margin-bottom-small:10px;--awb-margin-left-small:0px;\"><h1 class=\"fusion-title-heading title-heading-left fusion-responsive-typography-calculated\" style=\"margin:0;--fontSize:38;--minFontSize:38;line-height:1.3;\"><h3>6. Kaip galite su mumis susisiekti<\/h3><\/h1><\/div><div class=\"fusion-text fusion-text-6\"><p>Kilus klausimams d\u0117l privatumo politikos, pra\u0161ome susisiekti su \u012fgaliotu asmeniu Mariumi Babachinu, tel. +370 65694835.<\/p>\n<p>Kaimo turizmo sodybos \u201eSartakampis\u201c kontaktin\u0117 informacija<\/p>\n<p>Adresas: Antano Strazdo g. 2C, Marg\u0117n\u0173 k., Roki\u0161kio r., LT-42257;<\/p>\n<p>El. pa\u0161tas: info@sartakampis.lt;<\/p>\n<p>Savinink\u0117: Olga Babachinien\u0117, tel. <a href=\"tel:37061018399\">+370 610 18399<\/a><\/p>\n<\/div><div class=\"fusion-title title fusion-title-8 fusion-sep-none fusion-title-text fusion-title-size-one\" style=\"--awb-margin-top-small:10px;--awb-margin-right-small:0px;--awb-margin-bottom-small:10px;--awb-margin-left-small:0px;\"><h1 class=\"fusion-title-heading title-heading-left fusion-responsive-typography-calculated\" style=\"margin:0;--fontSize:38;--minFontSize:38;line-height:1.3;\"><h3>7. Baigiamosios nuostatos<\/h3><\/h1><\/div><div class=\"fusion-text fusion-text-7\"><p>Naudodamiesi Interneto svetain\u0117je teikiamomis paslaugomis, J\u016bs patvirtinate, kad perskait\u0117te \u0161i\u0105 Politik\u0105 ir sutinkate su visomis jos s\u0105lygomis. Jei nesutinkate laikytis \u0161ios Politikos s\u0105lyg\u0173, neturite teis\u0117s naudoti \u0161ios Svetain\u0117s ir jos Paslaug\u0173.<\/p>\n<\/div><div class=\"fusion-clearfix\"><\/div><\/div><\/div><\/div><\/div>\n","protected":false},"excerpt":{"rendered":"","protected":false},"author":2,"featured_media":0,"parent":0,"menu_order":0,"comment_status":"closed","ping_status":"closed","template":"","meta":{"footnotes":""},"class_list":["post-1339","page","type-page","status-publish","hentry"],"yoast_head":"<!-- This site is optimized with the Yoast SEO plugin v27.4 - https:\/\/yoast.com\/product\/yoast-seo-wordpress\/ -->\n<title>\u041f\u043e\u043b\u0438\u0442\u0438\u043a\u0430 \u043a\u043e\u043d\u0444\u0438\u0434\u0435\u043d\u0446\u0438\u0430\u043b\u044c\u043d\u043e\u0441\u0442\u0438 | Sartakampis<\/title>\n<meta name=\"robots\" content=\"index, follow, max-snippet:-1, max-image-preview:large, max-video-preview:-1\" \/>\n<link rel=\"canonical\" href=\"https:\/\/sartakampis.lt\/ru\/privatumo-politika\/\" \/>\n<meta property=\"og:locale\" content=\"ru_RU\" \/>\n<meta property=\"og:type\" content=\"article\" \/>\n<meta property=\"og:title\" content=\"\u041f\u043e\u043b\u0438\u0442\u0438\u043a\u0430 \u043a\u043e\u043d\u0444\u0438\u0434\u0435\u043d\u0446\u0438\u0430\u043b\u044c\u043d\u043e\u0441\u0442\u0438 | Sartakampis\" \/>\n<meta property=\"og:url\" content=\"https:\/\/sartakampis.lt\/privatumo-politika\/\" \/>\n<meta property=\"og:site_name\" content=\"Sartakampis\" \/>\n<meta property=\"article:publisher\" content=\"https:\/\/www.facebook.com\/Sartakampis\/\" \/>\n<meta name=\"twitter:card\" content=\"summary_large_image\" \/>\n<meta name=\"twitter:label1\" content=\"\u041f\u0440\u0438\u043c\u0435\u0440\u043d\u043e\u0435 \u0432\u0440\u0435\u043c\u044f \u0434\u043b\u044f \u0447\u0442\u0435\u043d\u0438\u044f\" \/>\n\t<meta name=\"twitter:data1\" content=\"6 \u043c\u0438\u043d\u0443\u0442\u044b\" \/>\n<script type=\"application\/ld+json\" class=\"yoast-schema-graph\">{\"@context\":\"https:\\\/\\\/schema.org\",\"@graph\":[{\"@type\":\"WebPage\",\"@id\":\"https:\\\/\\\/sartakampis.lt\\\/privatumo-politika\\\/\",\"url\":\"https:\\\/\\\/sartakampis.lt\\\/privatumo-politika\\\/\",\"name\":\"\u041f\u043e\u043b\u0438\u0442\u0438\u043a\u0430 \u043a\u043e\u043d\u0444\u0438\u0434\u0435\u043d\u0446\u0438\u0430\u043b\u044c\u043d\u043e\u0441\u0442\u0438 | Sartakampis\",\"isPartOf\":{\"@id\":\"https:\\\/\\\/sartakampis.lt\\\/#website\"},\"datePublished\":\"2018-12-12T10:36:13+00:00\",\"breadcrumb\":{\"@id\":\"https:\\\/\\\/sartakampis.lt\\\/privatumo-politika\\\/#breadcrumb\"},\"inLanguage\":\"ru-RU\",\"potentialAction\":[{\"@type\":\"ReadAction\",\"target\":[\"https:\\\/\\\/sartakampis.lt\\\/privatumo-politika\\\/\"]}]},{\"@type\":\"BreadcrumbList\",\"@id\":\"https:\\\/\\\/sartakampis.lt\\\/privatumo-politika\\\/#breadcrumb\",\"itemListElement\":[{\"@type\":\"ListItem\",\"position\":1,\"name\":\"Home\",\"item\":\"https:\\\/\\\/sartakampis.lt\\\/\"},{\"@type\":\"ListItem\",\"position\":2,\"name\":\"\u041f\u043e\u043b\u0438\u0442\u0438\u043a\u0430 \u043a\u043e\u043d\u0444\u0438\u0434\u0435\u043d\u0446\u0438\u0430\u043b\u044c\u043d\u043e\u0441\u0442\u0438\"}]},{\"@type\":\"WebSite\",\"@id\":\"https:\\\/\\\/sartakampis.lt\\\/#website\",\"url\":\"https:\\\/\\\/sartakampis.lt\\\/\",\"name\":\"Sartakampis\",\"description\":\"Sartakampis\",\"potentialAction\":[{\"@type\":\"SearchAction\",\"target\":{\"@type\":\"EntryPoint\",\"urlTemplate\":\"https:\\\/\\\/sartakampis.lt\\\/?s={search_term_string}\"},\"query-input\":{\"@type\":\"PropertyValueSpecification\",\"valueRequired\":true,\"valueName\":\"search_term_string\"}}],\"inLanguage\":\"ru-RU\"}]}<\/script>\n<!-- \/ Yoast SEO plugin. -->","yoast_head_json":{"title":"\u041f\u043e\u043b\u0438\u0442\u0438\u043a\u0430 \u043a\u043e\u043d\u0444\u0438\u0434\u0435\u043d\u0446\u0438\u0430\u043b\u044c\u043d\u043e\u0441\u0442\u0438 | Sartakampis","robots":{"index":"index","follow":"follow","max-snippet":"max-snippet:-1","max-image-preview":"max-image-preview:large","max-video-preview":"max-video-preview:-1"},"canonical":"https:\/\/sartakampis.lt\/ru\/privatumo-politika\/","og_locale":"ru_RU","og_type":"article","og_title":"\u041f\u043e\u043b\u0438\u0442\u0438\u043a\u0430 \u043a\u043e\u043d\u0444\u0438\u0434\u0435\u043d\u0446\u0438\u0430\u043b\u044c\u043d\u043e\u0441\u0442\u0438 | Sartakampis","og_url":"https:\/\/sartakampis.lt\/privatumo-politika\/","og_site_name":"Sartakampis","article_publisher":"https:\/\/www.facebook.com\/Sartakampis\/","twitter_card":"summary_large_image","twitter_misc":{"\u041f\u0440\u0438\u043c\u0435\u0440\u043d\u043e\u0435 \u0432\u0440\u0435\u043c\u044f \u0434\u043b\u044f \u0447\u0442\u0435\u043d\u0438\u044f":"6 \u043c\u0438\u043d\u0443\u0442\u044b"},"schema":{"@context":"https:\/\/schema.org","@graph":[{"@type":"WebPage","@id":"https:\/\/sartakampis.lt\/privatumo-politika\/","url":"https:\/\/sartakampis.lt\/privatumo-politika\/","name":"\u041f\u043e\u043b\u0438\u0442\u0438\u043a\u0430 \u043a\u043e\u043d\u0444\u0438\u0434\u0435\u043d\u0446\u0438\u0430\u043b\u044c\u043d\u043e\u0441\u0442\u0438 | Sartakampis","isPartOf":{"@id":"https:\/\/sartakampis.lt\/#website"},"datePublished":"2018-12-12T10:36:13+00:00","breadcrumb":{"@id":"https:\/\/sartakampis.lt\/privatumo-politika\/#breadcrumb"},"inLanguage":"ru-RU","potentialAction":[{"@type":"ReadAction","target":["https:\/\/sartakampis.lt\/privatumo-politika\/"]}]},{"@type":"BreadcrumbList","@id":"https:\/\/sartakampis.lt\/privatumo-politika\/#breadcrumb","itemListElement":[{"@type":"ListItem","position":1,"name":"Home","item":"https:\/\/sartakampis.lt\/"},{"@type":"ListItem","position":2,"name":"\u041f\u043e\u043b\u0438\u0442\u0438\u043a\u0430 \u043a\u043e\u043d\u0444\u0438\u0434\u0435\u043d\u0446\u0438\u0430\u043b\u044c\u043d\u043e\u0441\u0442\u0438"}]},{"@type":"WebSite","@id":"https:\/\/sartakampis.lt\/#website","url":"https:\/\/sartakampis.lt\/","name":"Sartakampis","description":"Sartakampis","potentialAction":[{"@type":"SearchAction","target":{"@type":"EntryPoint","urlTemplate":"https:\/\/sartakampis.lt\/?s={search_term_string}"},"query-input":{"@type":"PropertyValueSpecification","valueRequired":true,"valueName":"search_term_string"}}],"inLanguage":"ru-RU"}]}},"_links":{"self":[{"href":"https:\/\/sartakampis.lt\/ru\/wp-json\/wp\/v2\/pages\/1339\/"}],"collection":[{"href":"https:\/\/sartakampis.lt\/ru\/wp-json\/wp\/v2\/pages\/"}],"about":[{"href":"https:\/\/sartakampis.lt\/ru\/wp-json\/wp\/v2\/types\/page\/"}],"author":[{"embeddable":true,"href":"https:\/\/sartakampis.lt\/ru\/wp-json\/wp\/v2\/users\/2\/"}],"replies":[{"embeddable":true,"href":"https:\/\/sartakampis.lt\/ru\/wp-json\/wp\/v2\/comments\/?post=1339"}],"version-history":[{"count":1,"href":"https:\/\/sartakampis.lt\/ru\/wp-json\/wp\/v2\/pages\/1339\/revisions\/"}],"predecessor-version":[{"id":1340,"href":"https:\/\/sartakampis.lt\/ru\/wp-json\/wp\/v2\/pages\/1339\/revisions\/1340\/"}],"wp:attachment":[{"href":"https:\/\/sartakampis.lt\/ru\/wp-json\/wp\/v2\/media\/?parent=1339"}],"curies":[{"name":"wp","href":"https:\/\/api.w.org\/{rel}","templated":true}]}}